{"id":427,"date":"2019-03-29T20:08:25","date_gmt":"2019-03-29T20:08:25","guid":{"rendered":"http:\/\/www.minimaltunas.260mb.net\/?page_id=427"},"modified":"2019-04-07T20:24:14","modified_gmt":"2019-04-07T20:24:14","slug":"fidel-velika-simon","status":"publish","type":"page","link":"https:\/\/minimaltunas.com\/home\/fidel-velika-simon\/","title":{"rendered":"Fidel Velika"},"content":{"rendered":"\n<figure class=\"wp-block-image\"><img loading=\"lazy\" decoding=\"async\" width=\"1024\" height=\"674\" src=\"https:\/\/minimaltunas.com\/home\/wp-content\/uploads\/2019\/04\/fidel-1024x674-1024x674.jpg\" alt=\"\" class=\"wp-image-1441\" srcset=\"https:\/\/minimaltunas.com\/home\/wp-content\/uploads\/2019\/04\/fidel-1024x674.jpg 1024w, https:\/\/minimaltunas.com\/home\/wp-content\/uploads\/2019\/04\/fidel-1024x674-300x197.jpg 300w, https:\/\/minimaltunas.com\/home\/wp-content\/uploads\/2019\/04\/fidel-1024x674-768x506.jpg 768w, https:\/\/minimaltunas.com\/home\/wp-content\/uploads\/2019\/04\/fidel-1024x674-380x250.jpg 380w, https:\/\/minimaltunas.com\/home\/wp-content\/uploads\/2019\/04\/fidel-1024x674-710x467.jpg 710w\" sizes=\"auto, (max-width: 1024px) 100vw, 1024px\" \/><\/figure>\n\n\n\n<figure><iframe loading=\"lazy\" width=\"100%\" height=\"60\" src=\"https:\/\/www.mixcloud.com\/widget\/iframe\/?hide_cover=1&amp;mini=1&amp;feed=%2Flingmolva%2Fhdsradio-guest-mix-fidel-velika%2F\"><\/iframe><\/figure>\n\n\n\n<p class=\"has-drop-cap\"> Velika \u2013 integrado por Fidel y Omar. Comienzan a producir su propio material a partir de 2008, siempre buscando que sus sesiones en vivo tengan un car\u00e1cter org\u00e1nico, y cierta improvisaci\u00f3n.<\/p>\n\n\n\n<p class=\"has-drop-cap\">La evoluci\u00f3n de su sonido, lento pero con sentido, es demostrado por tracks publicados en labels mexicanos e internacionales.<br>Recientemente Velika ha pasado a formar parte del staff de Mandarina Records, adem\u00e1s de publicar su primer LP, \u201cGrey\u201d el cual marca un parteaguas en el<br>enfoque y calidad de su producci\u00f3n.<\/p>\n\n\n\n<p class=\"has-drop-cap\">Est\u00e9n pendientes de sus pr\u00f3ximas sesiones para escuchar este nuevo material en vivo! <\/p>\n","protected":false},"excerpt":{"rendered":"<p>Velika \u2013 integrado por Fidel y Omar. Comienzan a producir su propio material a partir de 2008, siempre buscando que sus sesiones en vivo tengan un car\u00e1cter org\u00e1nico, y cierta improvisaci\u00f3n. La evoluci\u00f3n de su sonido, lento pero con sentido, es demostrado por tracks publicados en labels mexicanos e internacionales.Recientemente Velika ha pasado a formar [&hellip;]<\/p>\n","protected":false},"author":1,"featured_media":0,"parent":0,"menu_order":0,"comment_status":"closed","ping_status":"closed","template":"templates\/template-full.php","meta":{"_uag_custom_page_level_css":"","wpm_timeformat":"","_wpm_styles":"","footnotes":""},"class_list":["post-427","page","type-page","status-publish","hentry","post"],"uagb_featured_image_src":{"full":false,"thumbnail":false,"medium":false,"medium_large":false,"large":false,"1536x1536":false,"2048x2048":false,"post-thumbnail":false,"vantage-thumbnail-no-sidebar":false,"vantage-slide":false,"vantage-carousel":false,"vantage-grid-loop":false,"sow-carousel-default":false},"uagb_author_info":{"display_name":"minimal","author_link":"https:\/\/minimaltunas.com\/home\/author\/minimal\/"},"uagb_comment_info":0,"uagb_excerpt":"Velika \u2013 integrado por Fidel y Omar. Comienzan a producir su propio material a partir de 2008, siempre buscando que sus sesiones en vivo tengan un car\u00e1cter org\u00e1nico, y cierta improvisaci\u00f3n. La evoluci\u00f3n de su sonido, lento pero con sentido, es demostrado por tracks publicados en labels mexicanos e internacionales.Recientemente Velika ha pasado a formar&hellip;","_links":{"self":[{"href":"https:\/\/minimaltunas.com\/home\/wp-json\/wp\/v2\/pages\/427","targetHints":{"allow":["GET"]}}],"collection":[{"href":"https:\/\/minimaltunas.com\/home\/wp-json\/wp\/v2\/pages"}],"about":[{"href":"https:\/\/minimaltunas.com\/home\/wp-json\/wp\/v2\/types\/page"}],"author":[{"embeddable":true,"href":"https:\/\/minimaltunas.com\/home\/wp-json\/wp\/v2\/users\/1"}],"replies":[{"embeddable":true,"href":"https:\/\/minimaltunas.com\/home\/wp-json\/wp\/v2\/comments?post=427"}],"version-history":[{"count":1,"href":"https:\/\/minimaltunas.com\/home\/wp-json\/wp\/v2\/pages\/427\/revisions"}],"predecessor-version":[{"id":1468,"href":"https:\/\/minimaltunas.com\/home\/wp-json\/wp\/v2\/pages\/427\/revisions\/1468"}],"wp:attachment":[{"href":"https:\/\/minimaltunas.com\/home\/wp-json\/wp\/v2\/media?parent=427"}],"curies":[{"name":"wp","href":"https:\/\/api.w.org\/{rel}","templated":true}]}}