{"id":411,"date":"2019-03-29T17:58:24","date_gmt":"2019-03-29T17:58:24","guid":{"rendered":"http:\/\/www.minimaltunas.260mb.net\/?page_id=411"},"modified":"2019-04-07T20:24:37","modified_gmt":"2019-04-07T20:24:37","slug":"montero-simon","status":"publish","type":"page","link":"https:\/\/minimaltunas.com\/home\/montero-simon\/","title":{"rendered":"Montero"},"content":{"rendered":"\n<figure class=\"wp-block-image\"><img loading=\"lazy\" decoding=\"async\" width=\"708\" height=\"697\" src=\"https:\/\/minimaltunas.com\/home\/wp-content\/uploads\/2019\/04\/Montero.jpg\" alt=\"\" class=\"wp-image-1442\" srcset=\"https:\/\/minimaltunas.com\/home\/wp-content\/uploads\/2019\/04\/Montero.jpg 708w, https:\/\/minimaltunas.com\/home\/wp-content\/uploads\/2019\/04\/Montero-300x295.jpg 300w\" sizes=\"auto, (max-width: 708px) 100vw, 708px\" \/><\/figure>\n\n\n\n<figure><iframe loading=\"lazy\" width=\"100%\" height=\"60\" src=\"https:\/\/www.mixcloud.com\/widget\/iframe\/?hide_cover=1&amp;mini=1&amp;feed=%2Flingmolva%2Fhdsradio-guest-mix-montero%2F\"><\/iframe><\/figure>\n\n\n\n<p class=\"has-drop-cap has-small-font-size\">Consolidado ya por muchos como un talento que deja huella en cada presentaci\u00f3n y en cada o\u00eddo<br>del publico,Arturo Montero ha ganado ya una buena reputaci\u00f3n en la escena electr\u00f3nica en el<br>centro de su natal pa\u00eds M\u00e9xico.<br>Contando ya con algunos a\u00f1os como organizador y Dj,es desde el a\u00f1o del 2008 cuando empieza su<br>carrera de manera mas profesional empezando a gustar entre los asistentes y llegando a pisar<br>lugares en la Ciudad de M\u00e9xico como : Zoon Night Club,Rioma,Fever,Hookah Sat\u00e9lite,AM<br>Local,Sudaka,Pata Negra,Troya,H2O,Black Condesa,Deep Club, fuera de la Ciudad de M\u00e9xico en Nikki<br>Beach en Los Cabos BCS, Dolores Yucabar Playa del Carmen, Jaguar House M\u00e9rida Yucat\u00e1n y en el<br>m\u00edtico Blue Parrot en Playa del Carmen, entre muchos mas y contando con 5 residencias en Bajo<br>Mundo,Hookah Condesa, Distrito Club, Black Condesa,Sudaka Club y mas recientemente durante 1<br>a\u00f1o en Tara Roma. En 2016 tuvo el privilegio de poder visitar Guatemala siendo convocado en The<br>Cure Lounge Festival. Tambi\u00e9n en 2016 fue sido invitado a presentarse en vivo en la estaci\u00f3n de<br>radio FM Beat 100.9 ante millones de personas en audiencia por espacio de 2 horas. Siempre<br>demuestra una muy bailable selecci\u00f3n con mucho groove que va desde el Tech-House y House,<br>deleitando con mel\u00f3dicas e hipn\u00f3ticas transiciones.<\/p>\n\n\n\n<p class=\"has-drop-cap has-small-font-size\">Su buena energ\u00eda y entendimiento del dancefloor lo han llevado a presentarse tanto en clubs como<br>en eventos al aire libre ante miles de personas como en Selenic Soul by XDC, ilo Festival 2013 &amp; ilo<br>festival 2014 ,y fuera de su ciudad natal como en Acapulco,Puerto Escondido,Cuernavaca,Puebla,<br>Tuxtepec Oaxaca,San Luis Potos\u00ed,Tehuacan, tambi\u00e9n fue el encargado del closing para Paul<br>Kalkbrenner en 360 eVenue, evento en el cual colaboro en la producci\u00f3n como Tara Music.<br>Entre los artistas que sobresalen con los que ha tenido el privilegio de compartir cabina destacan :<br>Paul Kalkbrenner , MANDY,Julian Jeweil,Nortec Bostich+Fussible,Anthony Pappa,Pleasurekraft, Sian<br>, Hollen, Radioslave,Sante,Oxia,Koen Groeneveld,Alex Young,Sasha Carassi,Victor Ruiz,La<br>Baaz,Rodrigo Diaz,Worakls,Ahmet Sendil,Roy Rosenfeld,Chris Fortier,Chloe Harris,Daniel<br>Steinberg,Satoshie Tomie,Lutzenkirchen, Richy Ahmed, Mark Fanciulli, y muchos muchos mas,en<br>varias ocasiones recibiendo el apoyo total de algunos de ellos; y con todo el talento nacional actual.<\/p>\n\n\n\n<p class=\"has-drop-cap\">CONTACTO<br>music.ihouseyou@gmail.com<br>multimedia.ihouseyou@gmail.com<\/p>\n","protected":false},"excerpt":{"rendered":"<p>Consolidado ya por muchos como un talento que deja huella en cada presentaci\u00f3n y en cada o\u00eddodel publico,Arturo Montero ha ganado ya una buena reputaci\u00f3n en la escena electr\u00f3nica en elcentro de su natal pa\u00eds M\u00e9xico.Contando ya con algunos a\u00f1os como organizador y Dj,es desde el a\u00f1o del 2008 cuando empieza sucarrera de manera mas [&hellip;]<\/p>\n","protected":false},"author":1,"featured_media":0,"parent":0,"menu_order":0,"comment_status":"closed","ping_status":"closed","template":"templates\/template-full.php","meta":{"_uag_custom_page_level_css":"","wpm_timeformat":"","_wpm_styles":"","footnotes":""},"class_list":["post-411","page","type-page","status-publish","hentry","post"],"uagb_featured_image_src":{"full":false,"thumbnail":false,"medium":false,"medium_large":false,"large":false,"1536x1536":false,"2048x2048":false,"post-thumbnail":false,"vantage-thumbnail-no-sidebar":false,"vantage-slide":false,"vantage-carousel":false,"vantage-grid-loop":false,"sow-carousel-default":false},"uagb_author_info":{"display_name":"minimal","author_link":"https:\/\/minimaltunas.com\/home\/author\/minimal\/"},"uagb_comment_info":0,"uagb_excerpt":"Consolidado ya por muchos como un talento que deja huella en cada presentaci\u00f3n y en cada o\u00eddodel publico,Arturo Montero ha ganado ya una buena reputaci\u00f3n en la escena electr\u00f3nica en elcentro de su natal pa\u00eds M\u00e9xico.Contando ya con algunos a\u00f1os como organizador y Dj,es desde el a\u00f1o del 2008 cuando empieza sucarrera de manera mas&hellip;","_links":{"self":[{"href":"https:\/\/minimaltunas.com\/home\/wp-json\/wp\/v2\/pages\/411","targetHints":{"allow":["GET"]}}],"collection":[{"href":"https:\/\/minimaltunas.com\/home\/wp-json\/wp\/v2\/pages"}],"about":[{"href":"https:\/\/minimaltunas.com\/home\/wp-json\/wp\/v2\/types\/page"}],"author":[{"embeddable":true,"href":"https:\/\/minimaltunas.com\/home\/wp-json\/wp\/v2\/users\/1"}],"replies":[{"embeddable":true,"href":"https:\/\/minimaltunas.com\/home\/wp-json\/wp\/v2\/comments?post=411"}],"version-history":[{"count":1,"href":"https:\/\/minimaltunas.com\/home\/wp-json\/wp\/v2\/pages\/411\/revisions"}],"predecessor-version":[{"id":1469,"href":"https:\/\/minimaltunas.com\/home\/wp-json\/wp\/v2\/pages\/411\/revisions\/1469"}],"wp:attachment":[{"href":"https:\/\/minimaltunas.com\/home\/wp-json\/wp\/v2\/media?parent=411"}],"curies":[{"name":"wp","href":"https:\/\/api.w.org\/{rel}","templated":true}]}}