{"id":1991,"date":"2019-06-21T04:37:47","date_gmt":"2019-06-21T04:37:47","guid":{"rendered":"https:\/\/minimaltunas.com\/home\/?page_id=1991"},"modified":"2019-06-21T04:37:49","modified_gmt":"2019-06-21T04:37:49","slug":"jonas","status":"publish","type":"page","link":"https:\/\/minimaltunas.com\/home\/jonas\/","title":{"rendered":"Jon\u00e1s"},"content":{"rendered":"\n<p> JONAS \/ ZSTIMER contacto, info &amp; booking zstimerofficial@gmail.com soundcloud page <\/p>\n\n\n\n<p>https:\/\/soundcloud.com\/jonaszstimer mixcloud <\/p>\n\n\n\n<p><iframe loading=\"lazy\" title=\"Jonas \/ Zstimer\" width=\"200\" height=\"250\" src=\"https:\/\/www.mixcloud.com\/widget\/follow\/?u=https%3A%2F%2Fwww.mixcloud.com%2Fjonaszstimer%2F\" frameborder=\"0\"><\/iframe> <\/p>\n\n\n\n<p>beatport artist page https:\/\/www.beatport.com\/artist\/zstimer\/561157 <\/p>\n\n\n\n<p>facebook fan page https:\/\/www.facebook.com\/jonaszstimer\/ <\/p>\n\n\n\n<p>Con una s\u00f3lida trayectoria como m\u00fasico, dj, productor, remixer y una historia de m\u00e1s de 10 a\u00f1os, es uno de los nombres a seguir de la escena electr\u00f3nica mexicana. A muy temprana edad, comenz\u00f3 su carrera musical cuando aprendi\u00f3 a tocar la bater\u00eda, y luego el piano, ambos con gran habilidad. Gracias a su talento y estilo \u00fanico ha alternado con nombres importantes de la escena electr\u00f3nica internacional como: Paul Oakenfold, Steve Lawler, Norman H, Timo Maas, Anthony Pappa, Randall Jones, Antix \/ Fiord, Guy J, Robert Babicz, Banco de Gaia, Johnson &amp; Haske, Cid Inc., Martin Buttrich, Jason Jollins, James Monro, Ink Fish, Astronivo, Rick Pier O&#8217;Neil, Ticon, Peter Didgital entre otros, as\u00ed como el talento m\u00e1s sobresaliente de la escena nacional como Tini Tun, Gabriel I, Blasko &amp; Cortazar, Vazik, Caballero, Mauricio V entre otros. Dine (DF), Roots Magic Club (DF), DC (DF), Tara (DF), Pervert Lounge (DF), Acanto (DF), AM (DF), Foro Normandie (DF), Hooka Lounge Condesa (DF), ContinentalClub (Cuernavaca), Bara Bara (Pto. Morelos), Foreplay (Queretaro), VHClub (VillaHermosa), 20Doce (Merida), Jaguar House (Merida), VohnClub (Leon), TunelFest (Guanajuato), SOL Sounds Of Life Festival (Veracruz), Spirit of Colours (Mex), Tabu (Hermosillo) son algunos de los clubs y festivales donde se ha presentado. Actualmente como productor, produce bajo el pseudonimo de Zstimer y ha publicado tracks para importantes disqueras de la escena electr\u00f3nica mexicana e internacional, tales como: Zstimer \u2013 Remember (Stripped Recordings) [UK] Zstimer \u2013 Going On EP (Plusquam Records) [Alemania] Zstimer \u2013 Stronger EP (BQ Recordings \/ Clinique Recordings) [Rusia] Zstimer \u2013 Dimensional EP (VapourTrail Records) [Espa\u00f1a] Zstimer \u2013 Beyond Emotion EP (V Sun Records) [Mexico] Zstimer \u2013 Answers EP (B+music) [Mexico] Como Zstimer &amp; Wru: Zstimer &amp; Wru \u2013 Side Of The Moon EP (Majestic Family Records) [Estados Unidos] Smart Wave \u2013 Pragmatic World (Zstimer &amp; Wru Remix) (Smart Phenomena Records) [Rumania] Zstimer &amp; Wru \u2013 Xno (VapourTrail Records) [Espa\u00f1a] <\/p>\n","protected":false},"excerpt":{"rendered":"<p>JONAS \/ ZSTIMER contacto, info &amp; booking zstimerofficial@gmail.com soundcloud page https:\/\/soundcloud.com\/jonaszstimer mixcloud beatport artist page https:\/\/www.beatport.com\/artist\/zstimer\/561157 facebook fan page https:\/\/www.facebook.com\/jonaszstimer\/ Con una s\u00f3lida trayectoria como m\u00fasico, dj, productor, remixer y una historia de m\u00e1s de 10 a\u00f1os, es uno de los nombres a seguir de la escena electr\u00f3nica mexicana. A muy temprana edad, comenz\u00f3 su [&hellip;]<\/p>\n","protected":false},"author":1,"featured_media":1987,"parent":0,"menu_order":0,"comment_status":"closed","ping_status":"closed","template":"","meta":{"_uag_custom_page_level_css":"","wpm_timeformat":"","_wpm_styles":"","footnotes":""},"class_list":["post-1991","page","type-page","status-publish","has-post-thumbnail","hentry","post","post-with-thumbnail","post-with-thumbnail-large"],"uagb_featured_image_src":{"full":["https:\/\/minimaltunas.com\/home\/wp-content\/uploads\/2019\/06\/jonas.jpg",745,691,false],"thumbnail":["https:\/\/minimaltunas.com\/home\/wp-content\/uploads\/2019\/06\/jonas-150x150.jpg",150,150,true],"medium":["https:\/\/minimaltunas.com\/home\/wp-content\/uploads\/2019\/06\/jonas-300x278.jpg",300,278,true],"medium_large":["https:\/\/minimaltunas.com\/home\/wp-content\/uploads\/2019\/06\/jonas.jpg",720,668,false],"large":["https:\/\/minimaltunas.com\/home\/wp-content\/uploads\/2019\/06\/jonas.jpg",720,668,false],"1536x1536":["https:\/\/minimaltunas.com\/home\/wp-content\/uploads\/2019\/06\/jonas.jpg",745,691,false],"2048x2048":["https:\/\/minimaltunas.com\/home\/wp-content\/uploads\/2019\/06\/jonas.jpg",745,691,false],"post-thumbnail":["https:\/\/minimaltunas.com\/home\/wp-content\/uploads\/2019\/06\/jonas-720x380.jpg",720,380,true],"vantage-thumbnail-no-sidebar":["https:\/\/minimaltunas.com\/home\/wp-content\/uploads\/2019\/06\/jonas-745x380.jpg",745,380,true],"vantage-slide":["https:\/\/minimaltunas.com\/home\/wp-content\/uploads\/2019\/06\/jonas-745x480.jpg",745,480,true],"vantage-carousel":["https:\/\/minimaltunas.com\/home\/wp-content\/uploads\/2019\/06\/jonas-272x182.jpg",272,182,true],"vantage-grid-loop":["https:\/\/minimaltunas.com\/home\/wp-content\/uploads\/2019\/06\/jonas-436x272.jpg",436,272,true],"sow-carousel-default":["https:\/\/minimaltunas.com\/home\/wp-content\/uploads\/2019\/06\/jonas-272x182.jpg",272,182,true]},"uagb_author_info":{"display_name":"minimal","author_link":"https:\/\/minimaltunas.com\/home\/author\/minimal\/"},"uagb_comment_info":0,"uagb_excerpt":"JONAS \/ ZSTIMER contacto, info &amp; booking zstimerofficial@gmail.com soundcloud page https:\/\/soundcloud.com\/jonaszstimer mixcloud beatport artist page https:\/\/www.beatport.com\/artist\/zstimer\/561157 facebook fan page https:\/\/www.facebook.com\/jonaszstimer\/ Con una s\u00f3lida trayectoria como m\u00fasico, dj, productor, remixer y una historia de m\u00e1s de 10 a\u00f1os, es uno de los nombres a seguir de la escena electr\u00f3nica mexicana. A muy temprana edad, comenz\u00f3 su&hellip;","_links":{"self":[{"href":"https:\/\/minimaltunas.com\/home\/wp-json\/wp\/v2\/pages\/1991","targetHints":{"allow":["GET"]}}],"collection":[{"href":"https:\/\/minimaltunas.com\/home\/wp-json\/wp\/v2\/pages"}],"about":[{"href":"https:\/\/minimaltunas.com\/home\/wp-json\/wp\/v2\/types\/page"}],"author":[{"embeddable":true,"href":"https:\/\/minimaltunas.com\/home\/wp-json\/wp\/v2\/users\/1"}],"replies":[{"embeddable":true,"href":"https:\/\/minimaltunas.com\/home\/wp-json\/wp\/v2\/comments?post=1991"}],"version-history":[{"count":1,"href":"https:\/\/minimaltunas.com\/home\/wp-json\/wp\/v2\/pages\/1991\/revisions"}],"predecessor-version":[{"id":1992,"href":"https:\/\/minimaltunas.com\/home\/wp-json\/wp\/v2\/pages\/1991\/revisions\/1992"}],"wp:featuredmedia":[{"embeddable":true,"href":"https:\/\/minimaltunas.com\/home\/wp-json\/wp\/v2\/media\/1987"}],"wp:attachment":[{"href":"https:\/\/minimaltunas.com\/home\/wp-json\/wp\/v2\/media?parent=1991"}],"curies":[{"name":"wp","href":"https:\/\/api.w.org\/{rel}","templated":true}]}}