{"id":1958,"date":"2019-05-31T19:30:48","date_gmt":"2019-05-31T19:30:48","guid":{"rendered":"https:\/\/minimaltunas.com\/home\/?page_id=1958"},"modified":"2019-06-03T19:48:52","modified_gmt":"2019-06-03T19:48:52","slug":"2up","status":"publish","type":"page","link":"https:\/\/minimaltunas.com\/home\/2up\/","title":{"rendered":"2up"},"content":{"rendered":"\n<figure class=\"wp-block-image\"><img loading=\"lazy\" decoding=\"async\" width=\"870\" height=\"696\" src=\"https:\/\/minimaltunas.com\/home\/wp-content\/uploads\/2019\/05\/WhatsApp-Image-2019-05-31-at-1.57.03-PM.jpeg\" alt=\"\" class=\"wp-image-1961\" srcset=\"https:\/\/minimaltunas.com\/home\/wp-content\/uploads\/2019\/05\/WhatsApp-Image-2019-05-31-at-1.57.03-PM.jpeg 870w, https:\/\/minimaltunas.com\/home\/wp-content\/uploads\/2019\/05\/WhatsApp-Image-2019-05-31-at-1.57.03-PM-300x240.jpeg 300w, https:\/\/minimaltunas.com\/home\/wp-content\/uploads\/2019\/05\/WhatsApp-Image-2019-05-31-at-1.57.03-PM-768x614.jpeg 768w\" sizes=\"auto, (max-width: 870px) 100vw, 870px\" \/><\/figure>\n\n\n\n<iframe loading=\"lazy\" width=\"100%\" height=\"120\" src=\"https:\/\/www.mixcloud.com\/widget\/iframe\/?hide_cover=1&#038;light=1&#038;feed=%2Flingmolva%2Fhdsradio-guest-mix-2up%2F\" frameborder=\"0\" ><\/iframe>\n\n\n\n<p>Ulises Pascual es uno de los mayores\nexponentes de m\u00fasica electr\u00f3nica &nbsp;a nivel internacional y constantemente\nparticipa en algunos de los mejores festivales y fiestas tanto en casa como en\nel extranjero.<\/p>\n\n\n\n<p>El proyecto 2UP ha tenido muchos\nlanzamientos en colaboraci\u00f3n con algunos productores nacionales e\ninternacionales de &nbsp;renombre y tiene la tendencia de &nbsp;derramar\ncarisma y sentimiento con cada set en vivo. Ulises es uno de los productores de\nm\u00fasica electr\u00f3nica mexicanos de mayor rotaci\u00f3n, son pocos los fines de semana\nque no tiene completamente ocupados por alguna contrataci\u00f3n.<\/p>\n\n\n\n<p>Ul\u00edses Pascual &nbsp;is truly one of the\ntop global progressive electronic music exponents and is in constant demand in\nsome of the best festivals and parties both home and abroad.<\/p>\n\n\n\n<p>The 2UP project has had many releases in\ncollaboration with some major national<\/p>\n\n\n\n<p>and international artists and he has a\ntendency to pour out charisma and feeling with every live set. Ulises is one of\nthe busiest Mexican electronic music producers, there\u2019s hardly a weekend that\nhe doesn\u2019t have a gig lined up.<\/p>\n","protected":false},"excerpt":{"rendered":"<p>Ulises Pascual es uno de los mayores exponentes de m\u00fasica electr\u00f3nica &nbsp;a nivel internacional y constantemente participa en algunos de los mejores festivales y fiestas tanto en casa como en el extranjero. El proyecto 2UP ha tenido muchos lanzamientos en colaboraci\u00f3n con algunos productores nacionales e internacionales de &nbsp;renombre y tiene la tendencia de &nbsp;derramar [&hellip;]<\/p>\n","protected":false},"author":1,"featured_media":1961,"parent":0,"menu_order":0,"comment_status":"closed","ping_status":"closed","template":"","meta":{"_uag_custom_page_level_css":"","wpm_timeformat":"","_wpm_styles":"","footnotes":""},"class_list":["post-1958","page","type-page","status-publish","has-post-thumbnail","hentry","post","post-with-thumbnail","post-with-thumbnail-large"],"uagb_featured_image_src":{"full":["https:\/\/minimaltunas.com\/home\/wp-content\/uploads\/2019\/05\/WhatsApp-Image-2019-05-31-at-1.57.03-PM.jpeg",870,696,false],"thumbnail":["https:\/\/minimaltunas.com\/home\/wp-content\/uploads\/2019\/05\/WhatsApp-Image-2019-05-31-at-1.57.03-PM-150x150.jpeg",150,150,true],"medium":["https:\/\/minimaltunas.com\/home\/wp-content\/uploads\/2019\/05\/WhatsApp-Image-2019-05-31-at-1.57.03-PM-300x240.jpeg",300,240,true],"medium_large":["https:\/\/minimaltunas.com\/home\/wp-content\/uploads\/2019\/05\/WhatsApp-Image-2019-05-31-at-1.57.03-PM-768x614.jpeg",720,576,true],"large":["https:\/\/minimaltunas.com\/home\/wp-content\/uploads\/2019\/05\/WhatsApp-Image-2019-05-31-at-1.57.03-PM.jpeg",720,576,false],"1536x1536":["https:\/\/minimaltunas.com\/home\/wp-content\/uploads\/2019\/05\/WhatsApp-Image-2019-05-31-at-1.57.03-PM.jpeg",870,696,false],"2048x2048":["https:\/\/minimaltunas.com\/home\/wp-content\/uploads\/2019\/05\/WhatsApp-Image-2019-05-31-at-1.57.03-PM.jpeg",870,696,false],"post-thumbnail":["https:\/\/minimaltunas.com\/home\/wp-content\/uploads\/2019\/05\/WhatsApp-Image-2019-05-31-at-1.57.03-PM-720x380.jpeg",720,380,true],"vantage-thumbnail-no-sidebar":["https:\/\/minimaltunas.com\/home\/wp-content\/uploads\/2019\/05\/WhatsApp-Image-2019-05-31-at-1.57.03-PM-870x380.jpeg",870,380,true],"vantage-slide":["https:\/\/minimaltunas.com\/home\/wp-content\/uploads\/2019\/05\/WhatsApp-Image-2019-05-31-at-1.57.03-PM-870x480.jpeg",870,480,true],"vantage-carousel":["https:\/\/minimaltunas.com\/home\/wp-content\/uploads\/2019\/05\/WhatsApp-Image-2019-05-31-at-1.57.03-PM-272x182.jpeg",272,182,true],"vantage-grid-loop":["https:\/\/minimaltunas.com\/home\/wp-content\/uploads\/2019\/05\/WhatsApp-Image-2019-05-31-at-1.57.03-PM-436x272.jpeg",436,272,true],"sow-carousel-default":["https:\/\/minimaltunas.com\/home\/wp-content\/uploads\/2019\/05\/WhatsApp-Image-2019-05-31-at-1.57.03-PM-272x182.jpeg",272,182,true]},"uagb_author_info":{"display_name":"minimal","author_link":"https:\/\/minimaltunas.com\/home\/author\/minimal\/"},"uagb_comment_info":0,"uagb_excerpt":"Ulises Pascual es uno de los mayores exponentes de m\u00fasica electr\u00f3nica &nbsp;a nivel internacional y constantemente participa en algunos de los mejores festivales y fiestas tanto en casa como en el extranjero. El proyecto 2UP ha tenido muchos lanzamientos en colaboraci\u00f3n con algunos productores nacionales e internacionales de &nbsp;renombre y tiene la tendencia de &nbsp;derramar&hellip;","_links":{"self":[{"href":"https:\/\/minimaltunas.com\/home\/wp-json\/wp\/v2\/pages\/1958","targetHints":{"allow":["GET"]}}],"collection":[{"href":"https:\/\/minimaltunas.com\/home\/wp-json\/wp\/v2\/pages"}],"about":[{"href":"https:\/\/minimaltunas.com\/home\/wp-json\/wp\/v2\/types\/page"}],"author":[{"embeddable":true,"href":"https:\/\/minimaltunas.com\/home\/wp-json\/wp\/v2\/users\/1"}],"replies":[{"embeddable":true,"href":"https:\/\/minimaltunas.com\/home\/wp-json\/wp\/v2\/comments?post=1958"}],"version-history":[{"count":2,"href":"https:\/\/minimaltunas.com\/home\/wp-json\/wp\/v2\/pages\/1958\/revisions"}],"predecessor-version":[{"id":1967,"href":"https:\/\/minimaltunas.com\/home\/wp-json\/wp\/v2\/pages\/1958\/revisions\/1967"}],"wp:featuredmedia":[{"embeddable":true,"href":"https:\/\/minimaltunas.com\/home\/wp-json\/wp\/v2\/media\/1961"}],"wp:attachment":[{"href":"https:\/\/minimaltunas.com\/home\/wp-json\/wp\/v2\/media?parent=1958"}],"curies":[{"name":"wp","href":"https:\/\/api.w.org\/{rel}","templated":true}]}}