{"id":1763,"date":"2019-04-26T14:58:29","date_gmt":"2019-04-26T14:58:29","guid":{"rendered":"https:\/\/minimaltunas.com\/home\/?page_id=1763"},"modified":"2019-04-30T04:19:55","modified_gmt":"2019-04-30T04:19:55","slug":"juan-zamanillo","status":"publish","type":"page","link":"https:\/\/minimaltunas.com\/home\/juan-zamanillo\/","title":{"rendered":"Juan Zamanillo"},"content":{"rendered":"\n<figure class=\"wp-block-image\"><img loading=\"lazy\" decoding=\"async\" width=\"250\" height=\"250\" src=\"https:\/\/minimaltunas.com\/home\/wp-content\/uploads\/2019\/04\/9HYkCCOV_400x400.png\" alt=\"\" class=\"wp-image-1764\" srcset=\"https:\/\/minimaltunas.com\/home\/wp-content\/uploads\/2019\/04\/9HYkCCOV_400x400.png 250w, https:\/\/minimaltunas.com\/home\/wp-content\/uploads\/2019\/04\/9HYkCCOV_400x400-150x150.png 150w\" sizes=\"auto, (max-width: 250px) 100vw, 250px\" \/><\/figure>\n\n\n\n<iframe loading=\"lazy\" width=\"100%\" height=\"60\" src=\"https:\/\/www.mixcloud.com\/widget\/iframe\/?hide_cover=1&#038;mini=1&#038;feed=%2Flingmolva%2Fhdsradio-guest-mix-juan-zamanillo%2F\" frameborder=\"0\" ><\/iframe>\n\n\n<p>\u00a0<\/p>\n<p><strong>We Are Here Music \/ Born in Mexico \/ Basis_De<\/strong><\/p>\n<p>Juan Zamanilllo se sinti\u00f3 identificado con la m\u00fasica electr\u00f3nica, a temprana edad por medio de artistas como <strong>John Digweed, Sasha, Hernan Cattaneo, Jimmy Van M, Lee Burridge, Chris Fortier, Danny Howells, <\/strong>entre muchos otros. Asi es como desarrolla de un gusto particular muy en la m\u00fasica. A la edad de 18 a\u00f1os, comenz\u00f3 su carrera como DJ, haciendo su debut como warm up de <strong>Tini Tun <\/strong>(uno de los djs m\u00e1s importantes de M\u00e9xico). A los 19 a\u00f1os se traslada a <strong>Barcelona<\/strong>, <strong>Espa\u00f1a <\/strong>y comenz\u00f3 su carrera como productor e ingeniero de audio, ahora graduado de SAE.<\/p>\n<p>Juan ha compartido cabina con los mejores DJs internacionales y nacionales como:<\/p>\n<p>Danny Howells, Timo Maas, Nick Warren, Hosh, Marco Resmann, DJ T. , Jimmy Van M, Chris Fortier, DJ Three, Marc Marzenit, D-Nox and Beckers, My Favorite Robot, Einmusik, Floyd Lavine, Facundo Mohrr, John Debo, Lank,<\/p>\n<p>K.E.E.N.E. ,Cesare vs Disorder, Miguel Puente, The Midnight Perverts, Tini Tun, Gabriel I, Norman H, Vazik, Neftali Blasko, Light IDR, Zeque, Gepri &amp; Mapiu, Gio Rugerio and Sussie 4, entre otros.<\/p>\n<p>Adem\u00e1s, ha tocando en diferentes ciudades del mundo como <strong>Londres, Barcelona, Buenos Aires, Praga, Andaluc\u00eda; <\/strong>Tambi\u00e9n, tuvo diferentes residencias en clubes de la Ciudad de M\u00e9xico y ciudades de los alrededores, como Le\u00f3n, Gto, San Miguel y Quer\u00e9taro.<\/p>\n<p>Juan ha sido invitado a las mejores estaciones de radio, como <strong>Frisky Radio, Proton Radio y Ultra FM<\/strong>. En 2012 fue invitado por <strong>Frisky Radio para ser el \u00abArtista de la semana\u00bb <\/strong>y \u00e9l tambi\u00e9n fue elegido para formar parte del show <strong>Frisky Loves M\u00e9xico y su programa fue elegido por Frisky Radio como uno de los mejores radioshows del 2012.<\/strong><\/p>\n<p>Actualmente, est\u00e1 trabajando con <strong>Tini Tun como Fundador y Label Manager de \u201cWe Are Here Music\u201d, <\/strong>ademas en un proyecto llamado <strong>\u201cWahM\u201d, <\/strong>el cual es una colaboraci\u00f3n entre <strong>Tini Tun &amp; Juan Zamanillo. <\/strong>Este proyecto ha contado con el apoyo de artistas como <strong>John Digweed, Hernan Cattaneo, Nick Warren Jimmy Van M, Marc Poppcke, Edu Imbernon, Chris Fortier, Soul Button, Stelios Vassiloudis, Aaryon, Barry Jamieson, Lemon8, THe WHite SHadow, Jamie Stevens, Dale Middleton, Steve Parry, entre otros<\/strong>.<\/p>\n<p>\u00a0<\/p>\n<p><u>https:\/\/soundcloud.com\/juanzamanillo<\/u><\/p>\n<p><u>https:\/\/<\/u><a href=\"http:\/\/www.instagram.com\/juanzamanillo\/\">www.instagram.com\/juanzamanillo\/<\/a><\/p>\n<p>https<a href=\"http:\/\/www.facebook.com\/wahmofficial\/\">:\/\/www.facebook.com\/wahmofficial\/<\/a> <u>https:\/\/<\/u><a href=\"http:\/\/www.facebook.com\/juanzamanillofficial\">www.facebook.com\/juanzamanillofficial<\/a><\/p>\n<p><a href=\"http:\/\/www.friskyradio.com\/search\/results\/?q=juan%2Bzamanillo\">http:\/\/www.friskyradio.com\/search\/results\/?q=juan+zamanillo<\/a><\/p>","protected":false},"excerpt":{"rendered":"<p>\u00a0 We Are Here Music \/ Born in Mexico \/ Basis_De Juan Zamanilllo se sinti\u00f3 identificado con la m\u00fasica electr\u00f3nica, a temprana edad por medio de artistas como John Digweed, Sasha, Hernan Cattaneo, Jimmy Van M, Lee Burridge, Chris Fortier, Danny Howells, entre muchos otros. Asi es como desarrolla de un gusto particular muy en [&hellip;]<\/p>\n","protected":false},"author":1,"featured_media":0,"parent":0,"menu_order":0,"comment_status":"closed","ping_status":"closed","template":"templates\/template-full.php","meta":{"_uag_custom_page_level_css":"","wpm_timeformat":"","_wpm_styles":"","footnotes":""},"class_list":["post-1763","page","type-page","status-publish","hentry","post"],"uagb_featured_image_src":{"full":false,"thumbnail":false,"medium":false,"medium_large":false,"large":false,"1536x1536":false,"2048x2048":false,"post-thumbnail":false,"vantage-thumbnail-no-sidebar":false,"vantage-slide":false,"vantage-carousel":false,"vantage-grid-loop":false,"sow-carousel-default":false},"uagb_author_info":{"display_name":"minimal","author_link":"https:\/\/minimaltunas.com\/home\/author\/minimal\/"},"uagb_comment_info":0,"uagb_excerpt":"\u00a0 We Are Here Music \/ Born in Mexico \/ Basis_De Juan Zamanilllo se sinti\u00f3 identificado con la m\u00fasica electr\u00f3nica, a temprana edad por medio de artistas como John Digweed, Sasha, Hernan Cattaneo, Jimmy Van M, Lee Burridge, Chris Fortier, Danny Howells, entre muchos otros. Asi es como desarrolla de un gusto particular muy en&hellip;","_links":{"self":[{"href":"https:\/\/minimaltunas.com\/home\/wp-json\/wp\/v2\/pages\/1763","targetHints":{"allow":["GET"]}}],"collection":[{"href":"https:\/\/minimaltunas.com\/home\/wp-json\/wp\/v2\/pages"}],"about":[{"href":"https:\/\/minimaltunas.com\/home\/wp-json\/wp\/v2\/types\/page"}],"author":[{"embeddable":true,"href":"https:\/\/minimaltunas.com\/home\/wp-json\/wp\/v2\/users\/1"}],"replies":[{"embeddable":true,"href":"https:\/\/minimaltunas.com\/home\/wp-json\/wp\/v2\/comments?post=1763"}],"version-history":[{"count":5,"href":"https:\/\/minimaltunas.com\/home\/wp-json\/wp\/v2\/pages\/1763\/revisions"}],"predecessor-version":[{"id":1808,"href":"https:\/\/minimaltunas.com\/home\/wp-json\/wp\/v2\/pages\/1763\/revisions\/1808"}],"wp:attachment":[{"href":"https:\/\/minimaltunas.com\/home\/wp-json\/wp\/v2\/media?parent=1763"}],"curies":[{"name":"wp","href":"https:\/\/api.w.org\/{rel}","templated":true}]}}