{"id":1728,"date":"2019-04-15T17:57:01","date_gmt":"2019-04-15T17:57:01","guid":{"rendered":"https:\/\/minimaltunas.com\/home\/?page_id=1728"},"modified":"2019-04-15T17:58:52","modified_gmt":"2019-04-15T17:58:52","slug":"rodrigo-cortazar","status":"publish","type":"page","link":"https:\/\/minimaltunas.com\/home\/rodrigo-cortazar\/","title":{"rendered":"Rodrigo Cortazar"},"content":{"rendered":"\n<figure class=\"wp-block-image\"><img loading=\"lazy\" decoding=\"async\" width=\"816\" height=\"528\" src=\"https:\/\/minimaltunas.com\/home\/wp-content\/uploads\/2019\/04\/Rodrigo-cortazar.png\" alt=\"\" class=\"wp-image-1731\" srcset=\"https:\/\/minimaltunas.com\/home\/wp-content\/uploads\/2019\/04\/Rodrigo-cortazar.png 816w, https:\/\/minimaltunas.com\/home\/wp-content\/uploads\/2019\/04\/Rodrigo-cortazar-300x194.png 300w, https:\/\/minimaltunas.com\/home\/wp-content\/uploads\/2019\/04\/Rodrigo-cortazar-768x497.png 768w\" sizes=\"auto, (max-width: 816px) 100vw, 816px\" \/><figcaption>Rodrigo Cortazar<\/figcaption><\/figure>\n\n\n\n<iframe loading=\"lazy\" width=\"100%\" height=\"60\" src=\"https:\/\/www.mixcloud.com\/widget\/iframe\/?hide_cover=1&#038;mini=1&#038;light=1&#038;feed=%2Flingmolva%2Fhdsradio-guest-mix-rodrigo-cortazar%2F\" frameborder=\"0\" ><\/iframe>\n\n\n<p>Inicia como productor con su primer proyecto \u201cHollogram\u201d junto con Christopher Cotaya; recorren gran parte de la Rep\u00fablica Mexicana compartiendo cabina con importantes artistas de todo el mundo.<\/p>\n<p>&nbsp;<\/p>\n<p>Al separasre forma \u201c2people\u201d con Diego S\u00e1nchez, proyecto con el cual firm\u00f3 varios tracks en sellos de renombre nacionales e internacionales, adem\u00e1s de ser invitados a mezclar en los clubs m\u00e1s reconocidos de la CDMX.<\/p>\n<p>&nbsp;<\/p>\n<p>En 2014, Neftali Blasko y Rodrigo se unen y crean \u201cBlasko &amp; Cortazar\u201d, su m\u00fasica tiene la aceptaci\u00f3n inmediata de la gente, llev\u00e1ndolos a tocar en fiestas, clubs y festivales al rededor de la Rep\u00fablica. Sus tracks han sido sellados en diferentes labels importantes del mundo y actualmente forman parte del rooster de Sounds of Earth.<\/p>\n<p>&nbsp;<\/p>\n<p>Paralelamente a cada uno de sus proyectos, Rodrigo Cortazar ha man- tenido en constante evoluci\u00f3n su carrera en solitario como Dj y productor, logrando as\u00ed el reconocimiento de su m\u00fasica a nivel mundial.<\/p>","protected":false},"excerpt":{"rendered":"<p>Inicia como productor con su primer proyecto \u201cHollogram\u201d junto con Christopher Cotaya; recorren gran parte de la Rep\u00fablica Mexicana compartiendo cabina con importantes artistas de todo el mundo. &nbsp; Al separasre forma \u201c2people\u201d con Diego S\u00e1nchez, proyecto con el cual firm\u00f3 varios tracks en sellos de renombre nacionales e internacionales, adem\u00e1s de ser invitados a [&hellip;]<\/p>\n","protected":false},"author":1,"featured_media":0,"parent":0,"menu_order":0,"comment_status":"closed","ping_status":"closed","template":"","meta":{"_uag_custom_page_level_css":"","wpm_timeformat":"","_wpm_styles":"","footnotes":""},"class_list":["post-1728","page","type-page","status-publish","hentry","post"],"uagb_featured_image_src":{"full":false,"thumbnail":false,"medium":false,"medium_large":false,"large":false,"1536x1536":false,"2048x2048":false,"post-thumbnail":false,"vantage-thumbnail-no-sidebar":false,"vantage-slide":false,"vantage-carousel":false,"vantage-grid-loop":false,"sow-carousel-default":false},"uagb_author_info":{"display_name":"minimal","author_link":"https:\/\/minimaltunas.com\/home\/author\/minimal\/"},"uagb_comment_info":0,"uagb_excerpt":"Inicia como productor con su primer proyecto \u201cHollogram\u201d junto con Christopher Cotaya; recorren gran parte de la Rep\u00fablica Mexicana compartiendo cabina con importantes artistas de todo el mundo. &nbsp; Al separasre forma \u201c2people\u201d con Diego S\u00e1nchez, proyecto con el cual firm\u00f3 varios tracks en sellos de renombre nacionales e internacionales, adem\u00e1s de ser invitados a&hellip;","_links":{"self":[{"href":"https:\/\/minimaltunas.com\/home\/wp-json\/wp\/v2\/pages\/1728","targetHints":{"allow":["GET"]}}],"collection":[{"href":"https:\/\/minimaltunas.com\/home\/wp-json\/wp\/v2\/pages"}],"about":[{"href":"https:\/\/minimaltunas.com\/home\/wp-json\/wp\/v2\/types\/page"}],"author":[{"embeddable":true,"href":"https:\/\/minimaltunas.com\/home\/wp-json\/wp\/v2\/users\/1"}],"replies":[{"embeddable":true,"href":"https:\/\/minimaltunas.com\/home\/wp-json\/wp\/v2\/comments?post=1728"}],"version-history":[{"count":3,"href":"https:\/\/minimaltunas.com\/home\/wp-json\/wp\/v2\/pages\/1728\/revisions"}],"predecessor-version":[{"id":1733,"href":"https:\/\/minimaltunas.com\/home\/wp-json\/wp\/v2\/pages\/1728\/revisions\/1733"}],"wp:attachment":[{"href":"https:\/\/minimaltunas.com\/home\/wp-json\/wp\/v2\/media?parent=1728"}],"curies":[{"name":"wp","href":"https:\/\/api.w.org\/{rel}","templated":true}]}}