{"id":1688,"date":"2019-04-11T16:29:16","date_gmt":"2019-04-11T16:29:16","guid":{"rendered":"https:\/\/minimaltunas.com\/home\/?page_id=1688"},"modified":"2019-04-11T16:51:27","modified_gmt":"2019-04-11T16:51:27","slug":"sativa-jo-2","status":"publish","type":"page","link":"https:\/\/minimaltunas.com\/home\/sativa-jo-2\/","title":{"rendered":"Sativa Jo"},"content":{"rendered":"\n<hr class=\"wp-block-separator\"\/>\n\n\n<div class=\"n2-section-smartslider fitvidsignore \" data-ssid=\"7\" tabindex=\"0\" role=\"region\" aria-label=\"Slider\"><div id=\"n2-ss-7-align\" class=\"n2-ss-align\"><div class=\"n2-padding\"><div id=\"n2-ss-7\" data-creator=\"Smart Slider 3\" data-responsive=\"auto\" class=\"n2-ss-slider n2-ow n2-has-hover n2notransition  \"><div class=\"n2-ss-slider-wrapper-inside\">\n        <div class=\"n2-ss-slider-1 n2_ss__touch_element n2-ow\">\n            <div class=\"n2-ss-slider-2 n2-ow\">\n                                                <div class=\"n2-ss-slider-3 n2-ow\">\n\n                    <div class=\"n2-ss-slide-backgrounds n2-ow-all\"><div class=\"n2-ss-slide-background\" data-public-id=\"1\" data-mode=\"fill\"><div class=\"n2-ss-slide-background-image\" data-blur=\"0\" data-opacity=\"100\" data-x=\"50\" data-y=\"50\" data-alt=\"\" data-title=\"\"><picture class=\"skip-lazy\" data-skip-lazy=\"1\"><img decoding=\"async\" src=\"\/\/minimaltunas.com\/home\/wp-content\/uploads\/2019\/04\/57206027_412582589559022_8710109151331614720_n.jpg\" alt=\"\" title=\"\" loading=\"lazy\" class=\"skip-lazy\" data-skip-lazy=\"1\"><\/picture><\/div><div data-color=\"RGBA(255,255,255,0)\" style=\"background-color: RGBA(255,255,255,0);\" class=\"n2-ss-slide-background-color\"><\/div><\/div><div class=\"n2-ss-slide-background\" data-public-id=\"2\" data-mode=\"fill\"><div class=\"n2-ss-slide-background-image\" data-blur=\"0\" data-opacity=\"100\" data-x=\"50\" data-y=\"50\" data-alt=\"\" data-title=\"\"><picture class=\"skip-lazy\" data-skip-lazy=\"1\"><img decoding=\"async\" src=\"\/\/minimaltunas.com\/home\/wp-content\/uploads\/2019\/04\/57096912_627000881081105_915686297362759680_n.jpg\" alt=\"\" title=\"\" loading=\"lazy\" class=\"skip-lazy\" data-skip-lazy=\"1\"><\/picture><\/div><div data-color=\"RGBA(255,255,255,0)\" style=\"background-color: RGBA(255,255,255,0);\" class=\"n2-ss-slide-background-color\"><\/div><\/div><div class=\"n2-ss-slide-background\" data-public-id=\"3\" data-mode=\"fill\"><div class=\"n2-ss-slide-background-image\" data-blur=\"0\" data-opacity=\"100\" data-x=\"50\" data-y=\"50\" data-alt=\"\" data-title=\"\"><picture class=\"skip-lazy\" data-skip-lazy=\"1\"><img decoding=\"async\" src=\"\/\/minimaltunas.com\/home\/wp-content\/uploads\/2019\/04\/56962027_1477256412411663_5540567799648223232_n.jpg\" alt=\"\" title=\"\" loading=\"lazy\" class=\"skip-lazy\" data-skip-lazy=\"1\"><\/picture><\/div><div data-color=\"RGBA(255,255,255,0)\" style=\"background-color: RGBA(255,255,255,0);\" class=\"n2-ss-slide-background-color\"><\/div><\/div><div class=\"n2-ss-slide-background\" data-public-id=\"4\" data-mode=\"fill\"><div class=\"n2-ss-slide-background-image\" data-blur=\"0\" data-opacity=\"100\" data-x=\"50\" data-y=\"50\" data-alt=\"\" data-title=\"\"><picture class=\"skip-lazy\" data-skip-lazy=\"1\"><img decoding=\"async\" src=\"\/\/minimaltunas.com\/home\/wp-content\/uploads\/2019\/04\/56837261_2566815083390781_3369100285468213248_n.jpg\" alt=\"\" title=\"\" loading=\"lazy\" class=\"skip-lazy\" data-skip-lazy=\"1\"><\/picture><\/div><div data-color=\"RGBA(255,255,255,0)\" style=\"background-color: RGBA(255,255,255,0);\" class=\"n2-ss-slide-background-color\"><\/div><\/div><div class=\"n2-ss-slide-background\" data-public-id=\"5\" data-mode=\"fill\"><div class=\"n2-ss-slide-background-image\" data-blur=\"0\" data-opacity=\"100\" data-x=\"50\" data-y=\"50\" data-alt=\"\" data-title=\"\"><picture class=\"skip-lazy\" data-skip-lazy=\"1\"><img decoding=\"async\" src=\"\/\/minimaltunas.com\/home\/wp-content\/uploads\/2019\/04\/56764574_2178489648925776_6270502950506856448_n.jpg\" alt=\"\" title=\"\" loading=\"lazy\" class=\"skip-lazy\" data-skip-lazy=\"1\"><\/picture><\/div><div data-color=\"RGBA(255,255,255,0)\" style=\"background-color: RGBA(255,255,255,0);\" class=\"n2-ss-slide-background-color\"><\/div><\/div><div class=\"n2-ss-slide-background\" data-public-id=\"6\" data-mode=\"blurfit\"><div class=\"n2-ss-slide-background-image\" data-blur=\"0\" data-opacity=\"100\" data-x=\"50\" data-y=\"50\" data-alt=\"\" data-title=\"\" style=\"margin:-14px;padding:14px\" data-globalblur=\"7\" data-bgblur=\"7\"><picture style=\"filter:blur(7px)\" class=\"skip-lazy\" data-skip-lazy=\"1\"><img decoding=\"async\" src=\"\/\/minimaltunas.com\/home\/wp-content\/uploads\/2019\/04\/56673059_620281585064997_6667487825648156672_n.jpg\" alt=\"\" title=\"\" loading=\"lazy\" class=\"skip-lazy\" data-skip-lazy=\"1\"><\/picture><\/div><div class=\"n2-ss-slide-background-image\" data-blur=\"0\" data-opacity=\"100\" data-x=\"50\" data-y=\"50\" data-alt=\"\" data-title=\"\"><picture class=\"skip-lazy\" data-skip-lazy=\"1\"><img decoding=\"async\" src=\"\/\/minimaltunas.com\/home\/wp-content\/uploads\/2019\/04\/56673059_620281585064997_6667487825648156672_n.jpg\" alt=\"\" title=\"\" loading=\"lazy\" class=\"skip-lazy\" data-skip-lazy=\"1\"><\/picture><\/div><div data-color=\"RGBA(255,255,255,0)\" style=\"background-color: RGBA(255,255,255,0);\" class=\"n2-ss-slide-background-color\"><\/div><\/div><div class=\"n2-ss-slide-background\" data-public-id=\"7\" data-mode=\"fill\"><div class=\"n2-ss-slide-background-image\" data-blur=\"0\" data-opacity=\"100\" data-x=\"50\" data-y=\"50\" data-alt=\"\" data-title=\"\"><picture class=\"skip-lazy\" data-skip-lazy=\"1\"><img decoding=\"async\" src=\"\/\/minimaltunas.com\/home\/wp-content\/uploads\/2019\/04\/56661917_292806931617968_7880683767415701504_n.jpg\" alt=\"\" title=\"\" loading=\"lazy\" class=\"skip-lazy\" data-skip-lazy=\"1\"><\/picture><\/div><div data-color=\"RGBA(255,255,255,0)\" style=\"background-color: RGBA(255,255,255,0);\" class=\"n2-ss-slide-background-color\"><\/div><\/div><div class=\"n2-ss-slide-background\" data-public-id=\"8\" data-mode=\"blurfit\"><div class=\"n2-ss-slide-background-image\" data-blur=\"0\" data-opacity=\"100\" data-x=\"50\" data-y=\"50\" data-alt=\"\" data-title=\"\" style=\"margin:-14px;padding:14px\" data-globalblur=\"7\" data-bgblur=\"7\"><picture style=\"filter:blur(7px)\" class=\"skip-lazy\" data-skip-lazy=\"1\"><img decoding=\"async\" src=\"\/\/minimaltunas.com\/home\/wp-content\/uploads\/2019\/04\/56589730_405495360228850_7582500599124459520_n.jpg\" alt=\"\" title=\"\" loading=\"lazy\" class=\"skip-lazy\" data-skip-lazy=\"1\"><\/picture><\/div><div class=\"n2-ss-slide-background-image\" data-blur=\"0\" data-opacity=\"100\" data-x=\"50\" data-y=\"50\" data-alt=\"\" data-title=\"\"><picture class=\"skip-lazy\" data-skip-lazy=\"1\"><img decoding=\"async\" src=\"\/\/minimaltunas.com\/home\/wp-content\/uploads\/2019\/04\/56589730_405495360228850_7582500599124459520_n.jpg\" alt=\"\" title=\"\" loading=\"lazy\" class=\"skip-lazy\" data-skip-lazy=\"1\"><\/picture><\/div><div data-color=\"RGBA(255,255,255,0)\" style=\"background-color: RGBA(255,255,255,0);\" class=\"n2-ss-slide-background-color\"><\/div><\/div><div class=\"n2-ss-slide-background\" data-public-id=\"9\" data-mode=\"fill\"><div class=\"n2-ss-slide-background-image\" data-blur=\"0\" data-opacity=\"100\" data-x=\"50\" data-y=\"50\" data-alt=\"\" data-title=\"\"><picture class=\"skip-lazy\" data-skip-lazy=\"1\"><img decoding=\"async\" src=\"\/\/minimaltunas.com\/home\/wp-content\/uploads\/2019\/04\/56584193_408676663290873_7507633203121750016_n.jpg\" alt=\"\" title=\"\" loading=\"lazy\" class=\"skip-lazy\" data-skip-lazy=\"1\"><\/picture><\/div><div data-color=\"RGBA(255,255,255,0)\" style=\"background-color: RGBA(255,255,255,0);\" class=\"n2-ss-slide-background-color\"><\/div><\/div><div class=\"n2-ss-slide-background\" data-public-id=\"10\" data-mode=\"fill\"><div class=\"n2-ss-slide-background-image\" data-blur=\"0\" data-opacity=\"100\" data-x=\"50\" data-y=\"50\" data-alt=\"\" data-title=\"\"><picture class=\"skip-lazy\" data-skip-lazy=\"1\"><img decoding=\"async\" src=\"\/\/minimaltunas.com\/home\/wp-content\/uploads\/2019\/04\/56560701_844052425940544_5499360603510145024_n.jpg\" alt=\"\" title=\"\" loading=\"lazy\" class=\"skip-lazy\" data-skip-lazy=\"1\"><\/picture><\/div><div data-color=\"RGBA(255,255,255,0)\" style=\"background-color: RGBA(255,255,255,0);\" class=\"n2-ss-slide-background-color\"><\/div><\/div><div class=\"n2-ss-slide-background\" data-public-id=\"11\" data-mode=\"fill\"><div class=\"n2-ss-slide-background-image\" data-blur=\"0\" data-opacity=\"100\" data-x=\"50\" data-y=\"50\" data-alt=\"\" data-title=\"\"><picture class=\"skip-lazy\" data-skip-lazy=\"1\"><img decoding=\"async\" src=\"\/\/minimaltunas.com\/home\/wp-content\/uploads\/2019\/04\/53790534_2268221983499757_638479796589821952_n.jpg\" alt=\"\" title=\"\" loading=\"lazy\" class=\"skip-lazy\" data-skip-lazy=\"1\"><\/picture><\/div><div data-color=\"RGBA(255,255,255,0)\" style=\"background-color: RGBA(255,255,255,0);\" class=\"n2-ss-slide-background-color\"><\/div><\/div><div class=\"n2-ss-slide-background\" data-public-id=\"12\" data-mode=\"blurfit\"><div class=\"n2-ss-slide-background-image\" data-blur=\"0\" data-opacity=\"100\" data-x=\"50\" data-y=\"50\" data-alt=\"\" data-title=\"\" style=\"margin:-14px;padding:14px\" data-globalblur=\"7\" data-bgblur=\"7\"><picture style=\"filter:blur(7px)\" class=\"skip-lazy\" data-skip-lazy=\"1\"><img decoding=\"async\" src=\"\/\/minimaltunas.com\/home\/wp-content\/uploads\/2019\/04\/53423790_645570549226459_4350237331756679168_n.jpg\" alt=\"\" title=\"\" loading=\"lazy\" class=\"skip-lazy\" data-skip-lazy=\"1\"><\/picture><\/div><div class=\"n2-ss-slide-background-image\" data-blur=\"0\" data-opacity=\"100\" data-x=\"50\" data-y=\"50\" data-alt=\"\" data-title=\"\"><picture class=\"skip-lazy\" data-skip-lazy=\"1\"><img decoding=\"async\" src=\"\/\/minimaltunas.com\/home\/wp-content\/uploads\/2019\/04\/53423790_645570549226459_4350237331756679168_n.jpg\" alt=\"\" title=\"\" loading=\"lazy\" class=\"skip-lazy\" data-skip-lazy=\"1\"><\/picture><\/div><div data-color=\"RGBA(255,255,255,0)\" style=\"background-color: RGBA(255,255,255,0);\" class=\"n2-ss-slide-background-color\"><\/div><\/div><\/div>                    <div class=\"n2-ss-slider-4 n2-ow\">\n                        <svg xmlns=\"http:\/\/www.w3.org\/2000\/svg\" viewBox=\"0 0 1200 500\" data-related-device=\"desktopPortrait\" class=\"n2-ow n2-ss-preserve-size n2-ss-preserve-size--slider n2-ss-slide-limiter\"><\/svg><div data-first=\"1\" data-slide-duration=\"0\" data-id=\"48\" data-slide-public-id=\"1\" data-title=\"57206027_412582589559022_8710109151331614720_n\" class=\"n2-ss-slide n2-ow  n2-ss-slide-48\"><div role=\"note\" class=\"n2-ss-slide--focus\" tabindex=\"-1\">57206027_412582589559022_8710109151331614720_n<\/div><div class=\"n2-ss-layers-container n2-ss-slide-limiter n2-ow\"><div class=\"n2-ss-layer n2-ow n-uc-m5k1epnNdqeG\" data-sstype=\"slide\" data-pm=\"default\"><\/div><\/div><\/div><div data-slide-duration=\"0\" data-id=\"49\" data-slide-public-id=\"2\" data-title=\"57096912_627000881081105_915686297362759680_n\" class=\"n2-ss-slide n2-ow  n2-ss-slide-49\"><div role=\"note\" class=\"n2-ss-slide--focus\" tabindex=\"-1\">57096912_627000881081105_915686297362759680_n<\/div><div class=\"n2-ss-layers-container n2-ss-slide-limiter n2-ow\"><div class=\"n2-ss-layer n2-ow n-uc-3jy8U1s3yt2O\" data-sstype=\"slide\" data-pm=\"default\"><\/div><\/div><\/div><div data-slide-duration=\"0\" data-id=\"50\" data-slide-public-id=\"3\" data-title=\"56962027_1477256412411663_5540567799648223232_n\" class=\"n2-ss-slide n2-ow  n2-ss-slide-50\"><div role=\"note\" class=\"n2-ss-slide--focus\" tabindex=\"-1\">56962027_1477256412411663_5540567799648223232_n<\/div><div class=\"n2-ss-layers-container n2-ss-slide-limiter n2-ow\"><div class=\"n2-ss-layer n2-ow n-uc-9qrC7Q5NTnlN\" data-sstype=\"slide\" data-pm=\"default\"><\/div><\/div><\/div><div data-slide-duration=\"0\" data-id=\"51\" data-slide-public-id=\"4\" data-title=\"56837261_2566815083390781_3369100285468213248_n\" class=\"n2-ss-slide n2-ow  n2-ss-slide-51\"><div role=\"note\" class=\"n2-ss-slide--focus\" tabindex=\"-1\">56837261_2566815083390781_3369100285468213248_n<\/div><div class=\"n2-ss-layers-container n2-ss-slide-limiter n2-ow\"><div class=\"n2-ss-layer n2-ow n-uc-B2zHoX28WEsX\" data-sstype=\"slide\" data-pm=\"default\"><\/div><\/div><\/div><div data-slide-duration=\"0\" data-id=\"52\" data-slide-public-id=\"5\" data-title=\"56764574_2178489648925776_6270502950506856448_n\" class=\"n2-ss-slide n2-ow  n2-ss-slide-52\"><div role=\"note\" class=\"n2-ss-slide--focus\" tabindex=\"-1\">56764574_2178489648925776_6270502950506856448_n<\/div><div class=\"n2-ss-layers-container n2-ss-slide-limiter n2-ow\"><div class=\"n2-ss-layer n2-ow n-uc-KdtWimfDwJr2\" data-sstype=\"slide\" data-pm=\"default\"><\/div><\/div><\/div><div data-slide-duration=\"0\" data-id=\"53\" data-slide-public-id=\"6\" data-title=\"56673059_620281585064997_6667487825648156672_n\" class=\"n2-ss-slide n2-ow  n2-ss-slide-53\"><div role=\"note\" class=\"n2-ss-slide--focus\" tabindex=\"-1\">56673059_620281585064997_6667487825648156672_n<\/div><div class=\"n2-ss-layers-container n2-ss-slide-limiter n2-ow\"><div class=\"n2-ss-layer n2-ow n-uc-Ntg8b6SNGhJe\" data-sstype=\"slide\" data-pm=\"default\"><\/div><\/div><\/div><div data-slide-duration=\"0\" data-id=\"54\" data-slide-public-id=\"7\" data-title=\"56661917_292806931617968_7880683767415701504_n\" class=\"n2-ss-slide n2-ow  n2-ss-slide-54\"><div role=\"note\" class=\"n2-ss-slide--focus\" tabindex=\"-1\">56661917_292806931617968_7880683767415701504_n<\/div><div class=\"n2-ss-layers-container n2-ss-slide-limiter n2-ow\"><div class=\"n2-ss-layer n2-ow n-uc-Fd2QecqIXPql\" data-sstype=\"slide\" data-pm=\"default\"><\/div><\/div><\/div><div data-slide-duration=\"0\" data-id=\"55\" data-slide-public-id=\"8\" data-title=\"56589730_405495360228850_7582500599124459520_n\" class=\"n2-ss-slide n2-ow  n2-ss-slide-55\"><div role=\"note\" class=\"n2-ss-slide--focus\" tabindex=\"-1\">56589730_405495360228850_7582500599124459520_n<\/div><div class=\"n2-ss-layers-container n2-ss-slide-limiter n2-ow\"><div class=\"n2-ss-layer n2-ow n-uc-GWm9ttK5nbAt\" data-sstype=\"slide\" data-pm=\"default\"><\/div><\/div><\/div><div data-slide-duration=\"0\" data-id=\"56\" data-slide-public-id=\"9\" data-title=\"56584193_408676663290873_7507633203121750016_n\" class=\"n2-ss-slide n2-ow  n2-ss-slide-56\"><div role=\"note\" class=\"n2-ss-slide--focus\" tabindex=\"-1\">56584193_408676663290873_7507633203121750016_n<\/div><div class=\"n2-ss-layers-container n2-ss-slide-limiter n2-ow\"><div class=\"n2-ss-layer n2-ow n-uc-fAmUWAjEMLk9\" data-sstype=\"slide\" data-pm=\"default\"><\/div><\/div><\/div><div data-slide-duration=\"0\" data-id=\"57\" data-slide-public-id=\"10\" data-title=\"56560701_844052425940544_5499360603510145024_n\" class=\"n2-ss-slide n2-ow  n2-ss-slide-57\"><div role=\"note\" class=\"n2-ss-slide--focus\" tabindex=\"-1\">56560701_844052425940544_5499360603510145024_n<\/div><div class=\"n2-ss-layers-container n2-ss-slide-limiter n2-ow\"><div class=\"n2-ss-layer n2-ow n-uc-vkBGWXEkqXwG\" data-sstype=\"slide\" data-pm=\"default\"><\/div><\/div><\/div><div data-slide-duration=\"0\" data-id=\"58\" data-slide-public-id=\"11\" data-title=\"53790534_2268221983499757_638479796589821952_n\" class=\"n2-ss-slide n2-ow  n2-ss-slide-58\"><div role=\"note\" class=\"n2-ss-slide--focus\" tabindex=\"-1\">53790534_2268221983499757_638479796589821952_n<\/div><div class=\"n2-ss-layers-container n2-ss-slide-limiter n2-ow\"><div class=\"n2-ss-layer n2-ow n-uc-PEMJwob2tbfE\" data-sstype=\"slide\" data-pm=\"default\"><\/div><\/div><\/div><div data-slide-duration=\"0\" data-id=\"59\" data-slide-public-id=\"12\" data-title=\"53423790_645570549226459_4350237331756679168_n\" class=\"n2-ss-slide n2-ow  n2-ss-slide-59\"><div role=\"note\" class=\"n2-ss-slide--focus\" tabindex=\"-1\">53423790_645570549226459_4350237331756679168_n<\/div><div class=\"n2-ss-layers-container n2-ss-slide-limiter n2-ow\"><div class=\"n2-ss-layer n2-ow n-uc-Ap6uZAbqb7Dq\" data-sstype=\"slide\" data-pm=\"default\"><\/div><\/div><\/div>                    <\/div>\n\n                                    <\/div>\n            <\/div>\n        <\/div>\n        <div class=\"n2-ss-slider-controls n2-ss-slider-controls-absolute-left-center\"><div style=\"--widget-offset:15px;\" class=\"n2-ss-widget nextend-arrow n2-ow-all nextend-arrow-previous  nextend-arrow-animated-fade\" data-hide-mobileportrait=\"1\" id=\"n2-ss-7-arrow-previous\" role=\"button\" aria-label=\"previous arrow\" tabindex=\"0\"><img loading=\"lazy\" decoding=\"async\" width=\"32\" height=\"32\" class=\"skip-lazy\" data-skip-lazy=\"1\" src=\"data:image\/svg+xml;base64,PHN2ZyB3aWR0aD0iMzIiIGhlaWdodD0iMzIiIHZpZXdCb3g9IjAgMCAzMiAzMiIgeG1sbnM9Imh0dHA6Ly93d3cudzMub3JnLzIwMDAvc3ZnIj4KICAgIDxwYXRoIGQ9Ik0xMS40MzMgMTUuOTkyTDIyLjY5IDUuNzEyYy4zOTMtLjM5LjM5My0xLjAzIDAtMS40Mi0uMzkzLS4zOS0xLjAzLS4zOS0xLjQyMyAwbC0xMS45OCAxMC45NGMtLjIxLjIxLS4zLjQ5LS4yODUuNzYtLjAxNS4yOC4wNzUuNTYuMjg0Ljc3bDExLjk4IDEwLjk0Yy4zOTMuMzkgMS4wMy4zOSAxLjQyNCAwIC4zOTMtLjQuMzkzLTEuMDMgMC0xLjQybC0xMS4yNTctMTAuMjkiCiAgICAgICAgICBmaWxsPSIjZmZmZmZmIiBvcGFjaXR5PSIwLjgiIGZpbGwtcnVsZT0iZXZlbm9kZCIvPgo8L3N2Zz4=\" alt=\"previous arrow\"><\/div><\/div><div class=\"n2-ss-slider-controls n2-ss-slider-controls-absolute-right-center\"><div style=\"--widget-offset:15px;\" class=\"n2-ss-widget nextend-arrow n2-ow-all nextend-arrow-next  nextend-arrow-animated-fade\" data-hide-mobileportrait=\"1\" id=\"n2-ss-7-arrow-next\" role=\"button\" aria-label=\"next arrow\" tabindex=\"0\"><img loading=\"lazy\" decoding=\"async\" width=\"32\" height=\"32\" class=\"skip-lazy\" data-skip-lazy=\"1\" src=\"data:image\/svg+xml;base64,PHN2ZyB3aWR0aD0iMzIiIGhlaWdodD0iMzIiIHZpZXdCb3g9IjAgMCAzMiAzMiIgeG1sbnM9Imh0dHA6Ly93d3cudzMub3JnLzIwMDAvc3ZnIj4KICAgIDxwYXRoIGQ9Ik0xMC43MjIgNC4yOTNjLS4zOTQtLjM5LTEuMDMyLS4zOS0xLjQyNyAwLS4zOTMuMzktLjM5MyAxLjAzIDAgMS40MmwxMS4yODMgMTAuMjgtMTEuMjgzIDEwLjI5Yy0uMzkzLjM5LS4zOTMgMS4wMiAwIDEuNDIuMzk1LjM5IDEuMDMzLjM5IDEuNDI3IDBsMTIuMDA3LTEwLjk0Yy4yMS0uMjEuMy0uNDkuMjg0LS43Ny4wMTQtLjI3LS4wNzYtLjU1LS4yODYtLjc2TDEwLjcyIDQuMjkzeiIKICAgICAgICAgIGZpbGw9IiNmZmZmZmYiIG9wYWNpdHk9IjAuOCIgZmlsbC1ydWxlPSJldmVub2RkIi8+Cjwvc3ZnPg==\" alt=\"next arrow\"><\/div><\/div><\/div><\/div><ss3-loader><\/ss3-loader><\/div><\/div><div class=\"n2_clear\"><\/div><\/div>\n\n\n<hr class=\"wp-block-separator\"\/>\n\n\n\n<iframe loading=\"lazy\" width=\"100%\" height=\"120\" src=\"https:\/\/www.mixcloud.com\/widget\/iframe\/?hide_cover=1&#038;feed=%2Flingmolva%2Fhdsradio-guest-mix-sativa-jo%2F\" frameborder=\"0\" ><\/iframe>\n\n\n\n<hr class=\"wp-block-separator\"\/>\n\n\n<p>Jose Angel Leonel de Cervantes Aka Sativa Jo es un Dj y productor musical con mas de una d\u00e9cada en la escena electr\u00f3nica, dentro y fuera de M\u00e9xico.<\/p>\n<p>Due\u00f1o y Fundador de Mandarina Records y residente de MixOne Radio Argentina.<\/p>\n<p>Su trayectoria lo ha llevado a compartir tornamesas con grandes exponentes de la industria de la m\u00fasica electr\u00f3nica<\/p>\n<p>Sus producciones han figurado en diversas disqueras europeas y como Dj mantiene una impecable tecnica y selecci\u00f3n musical, que a lo largo de los a\u00f1os, ha mutado entre diferentes g\u00e9neros.<\/p>\n<p>Hoy en dia su sonido es una gama muy fina de grooves tanto minimales como progresivos.<\/p>","protected":false},"excerpt":{"rendered":"<p>Jose Angel Leonel de Cervantes Aka Sativa Jo es un Dj y productor musical con mas de una d\u00e9cada en la escena electr\u00f3nica, dentro y fuera de M\u00e9xico. Due\u00f1o y Fundador de Mandarina Records y residente de MixOne Radio Argentina. Su trayectoria lo ha llevado a compartir tornamesas con grandes exponentes de la industria de [&hellip;]<\/p>\n","protected":false},"author":1,"featured_media":0,"parent":0,"menu_order":0,"comment_status":"closed","ping_status":"closed","template":"templates\/template-full.php","meta":{"_uag_custom_page_level_css":"","wpm_timeformat":"","_wpm_styles":"","footnotes":""},"class_list":["post-1688","page","type-page","status-publish","hentry","post"],"uagb_featured_image_src":{"full":false,"thumbnail":false,"medium":false,"medium_large":false,"large":false,"1536x1536":false,"2048x2048":false,"post-thumbnail":false,"vantage-thumbnail-no-sidebar":false,"vantage-slide":false,"vantage-carousel":false,"vantage-grid-loop":false,"sow-carousel-default":false},"uagb_author_info":{"display_name":"minimal","author_link":"https:\/\/minimaltunas.com\/home\/author\/minimal\/"},"uagb_comment_info":0,"uagb_excerpt":"Jose Angel Leonel de Cervantes Aka Sativa Jo es un Dj y productor musical con mas de una d\u00e9cada en la escena electr\u00f3nica, dentro y fuera de M\u00e9xico. Due\u00f1o y Fundador de Mandarina Records y residente de MixOne Radio Argentina. Su trayectoria lo ha llevado a compartir tornamesas con grandes exponentes de la industria de&hellip;","_links":{"self":[{"href":"https:\/\/minimaltunas.com\/home\/wp-json\/wp\/v2\/pages\/1688","targetHints":{"allow":["GET"]}}],"collection":[{"href":"https:\/\/minimaltunas.com\/home\/wp-json\/wp\/v2\/pages"}],"about":[{"href":"https:\/\/minimaltunas.com\/home\/wp-json\/wp\/v2\/types\/page"}],"author":[{"embeddable":true,"href":"https:\/\/minimaltunas.com\/home\/wp-json\/wp\/v2\/users\/1"}],"replies":[{"embeddable":true,"href":"https:\/\/minimaltunas.com\/home\/wp-json\/wp\/v2\/comments?post=1688"}],"version-history":[{"count":4,"href":"https:\/\/minimaltunas.com\/home\/wp-json\/wp\/v2\/pages\/1688\/revisions"}],"predecessor-version":[{"id":1708,"href":"https:\/\/minimaltunas.com\/home\/wp-json\/wp\/v2\/pages\/1688\/revisions\/1708"}],"wp:attachment":[{"href":"https:\/\/minimaltunas.com\/home\/wp-json\/wp\/v2\/media?parent=1688"}],"curies":[{"name":"wp","href":"https:\/\/api.w.org\/{rel}","templated":true}]}}