{"id":1621,"date":"2019-04-08T17:56:38","date_gmt":"2019-04-08T17:56:38","guid":{"rendered":"https:\/\/minimaltunas.com\/home\/?page_id=1621"},"modified":"2019-04-11T14:09:52","modified_gmt":"2019-04-11T14:09:52","slug":"garff","status":"publish","type":"page","link":"https:\/\/minimaltunas.com\/home\/garff\/","title":{"rendered":"Garff"},"content":{"rendered":"\n<figure class=\"wp-block-image\"><img loading=\"lazy\" decoding=\"async\" width=\"474\" height=\"716\" src=\"https:\/\/minimaltunas.com\/home\/wp-content\/uploads\/2019\/04\/garff.jpg\" alt=\"\" class=\"wp-image-1670\" srcset=\"https:\/\/minimaltunas.com\/home\/wp-content\/uploads\/2019\/04\/garff.jpg 474w, https:\/\/minimaltunas.com\/home\/wp-content\/uploads\/2019\/04\/garff-199x300.jpg 199w\" sizes=\"auto, (max-width: 474px) 100vw, 474px\" \/><\/figure>\n\n\n\n<figure><iframe loading=\"lazy\" width=\"100%\" height=\"60\" src=\"https:\/\/www.mixcloud.com\/widget\/iframe\/?hide_cover=1&amp;mini=1&amp;feed=%2Flingmolva%2Fhdsradio-guest-mix-garff%2F\"><\/iframe><\/figure>\n\n\n<div id=\"pl-1621\" class=\"panel-layout\">\n<div>\n<div class=\"show-tags\">\n<p>Antonio Morales A.K.A Garff inicia su carrera musical de la mano <br \/>de tornamesas en los a\u00f1os 90\u00b4S recorriendo diferentes g\u00e9neros, <br \/>siempre en contacto con la m\u00fasica electronica pero nunca tan estrecho como los \u00faltimos 15 a\u00f1os donde de la mano de los beats progresivos ha <br \/>desarrollado su carrera como Dj.<\/p>\n<p>Su afici\u00f3n a este estilo musical le ha permitido alternar escenarios nacionales e internacionales a lado de grandes representantes de talla internacional como James Monro, Thomas Johanshon Mapusa Mapusa, Rick Pier O&#8217;Niel RPO, Charlie May, Norman H, Jonatan Ramonda, Logistik Sound entre otros y los m\u00e1s reconocidos djs Nacionales siempre en la b\u00fasqueda de compartir con el p\u00fablico una historia divertida a trav\u00e9s de sus sets.<\/p>\n<p>www.facebook.com\/DJ-Garff-Gato-19\u20268\/?ref=bookmarks<br \/>https:\/\/soundcloud.com\/djgarff<\/p>\n<\/div>\n<\/div>\n<\/div>","protected":false},"excerpt":{"rendered":"<p>Antonio Morales A.K.A Garff inicia su carrera musical de la mano de tornamesas en los a\u00f1os 90\u00b4S recorriendo diferentes g\u00e9neros, siempre en contacto con la m\u00fasica electronica pero nunca tan estrecho como los \u00faltimos 15 a\u00f1os donde de la mano de los beats progresivos ha desarrollado su carrera como Dj. Su afici\u00f3n a este estilo [&hellip;]<\/p>\n","protected":false},"author":1,"featured_media":0,"parent":0,"menu_order":0,"comment_status":"closed","ping_status":"closed","template":"templates\/template-full.php","meta":{"_uag_custom_page_level_css":"","wpm_timeformat":"","_wpm_styles":"","footnotes":""},"class_list":["post-1621","page","type-page","status-publish","hentry","post"],"uagb_featured_image_src":{"full":false,"thumbnail":false,"medium":false,"medium_large":false,"large":false,"1536x1536":false,"2048x2048":false,"post-thumbnail":false,"vantage-thumbnail-no-sidebar":false,"vantage-slide":false,"vantage-carousel":false,"vantage-grid-loop":false,"sow-carousel-default":false},"uagb_author_info":{"display_name":"minimal","author_link":"https:\/\/minimaltunas.com\/home\/author\/minimal\/"},"uagb_comment_info":0,"uagb_excerpt":"Antonio Morales A.K.A Garff inicia su carrera musical de la mano de tornamesas en los a\u00f1os 90\u00b4S recorriendo diferentes g\u00e9neros, siempre en contacto con la m\u00fasica electronica pero nunca tan estrecho como los \u00faltimos 15 a\u00f1os donde de la mano de los beats progresivos ha desarrollado su carrera como Dj. Su afici\u00f3n a este estilo&hellip;","_links":{"self":[{"href":"https:\/\/minimaltunas.com\/home\/wp-json\/wp\/v2\/pages\/1621","targetHints":{"allow":["GET"]}}],"collection":[{"href":"https:\/\/minimaltunas.com\/home\/wp-json\/wp\/v2\/pages"}],"about":[{"href":"https:\/\/minimaltunas.com\/home\/wp-json\/wp\/v2\/types\/page"}],"author":[{"embeddable":true,"href":"https:\/\/minimaltunas.com\/home\/wp-json\/wp\/v2\/users\/1"}],"replies":[{"embeddable":true,"href":"https:\/\/minimaltunas.com\/home\/wp-json\/wp\/v2\/comments?post=1621"}],"version-history":[{"count":3,"href":"https:\/\/minimaltunas.com\/home\/wp-json\/wp\/v2\/pages\/1621\/revisions"}],"predecessor-version":[{"id":1671,"href":"https:\/\/minimaltunas.com\/home\/wp-json\/wp\/v2\/pages\/1621\/revisions\/1671"}],"wp:attachment":[{"href":"https:\/\/minimaltunas.com\/home\/wp-json\/wp\/v2\/media?parent=1621"}],"curies":[{"name":"wp","href":"https:\/\/api.w.org\/{rel}","templated":true}]}}