{"id":1204,"date":"2019-04-04T03:34:50","date_gmt":"2019-04-04T03:34:50","guid":{"rendered":"http:\/\/www.minimaltunas.260mb.net\/?page_id=1204"},"modified":"2019-04-07T20:25:58","modified_gmt":"2019-04-07T20:25:58","slug":"pablo-rdz","status":"publish","type":"page","link":"https:\/\/minimaltunas.com\/home\/pablo-rdz\/","title":{"rendered":"Pablo Rodz"},"content":{"rendered":"\n<figure class=\"wp-block-image\"><img decoding=\"async\" src=\"https:\/\/minimaltunas.com\/home\/wp-content\/uploads\/2019\/04\/33094461_1669831729804527_2917112100629250048_o-1-1024x1024.jpg\" alt=\"\" class=\"wp-image-1212\"\/><\/figure>\n\n\n\n<iframe loading=\"lazy\" width=\"100%\" height=\"60\" src=\"https:\/\/www.mixcloud.com\/widget\/iframe\/?hide_cover=1&amp;mini=1&amp;feed=%2Fpablorodzmusic%2Fhouse-set-pablo-rodz%2F\" frameborder=\"0\"><\/iframe>\n\n\n\n<p class=\"has-drop-cap\">\n\nJos\u00e9 Pablo Rodr\u00edguez Verde A.K.A. Pablo Rodz. Nacido en la Ciudad de M\u00e9xico y actualmente radicando en la ciudad de Santiago de Quer\u00e9taro.<\/p>\n\n\n\n<p class=\"has-drop-cap\">En el 2002 inicia su carrera como m\u00fasico y despu\u00e9s se interes\u00f3 en la m\u00fasica electr\u00f3nica como Dj. Posteriormente en el 2011 Inicia su carrera como Ingeniero en Audio Profesional. Actualmente es Fundador de iO Records y administrador del colectivo New Underground.<\/p>\n\n\n\n<p class=\"has-drop-cap\">Sus g\u00e9neros como productor musical y tambi\u00e9n como Dj son: Deep House, House, Tech House, Techno, Nu Disco, Lounge y Downtempo.<\/p>\n\n\n\n<p class=\"has-drop-cap\">Ha tocado en lugares de la Ciudad de Quer\u00e9taro como: Lascivo, Sonora Coraz\u00f3n, Rhodesia Hist\u00f3rico, Jaguar Azul, Sirilo Instabar, Horus Bar y Janis Quer\u00e9taro. Y en la Ciudad de M\u00e9xico: ArticBar y Hookah.<\/p>\n\n\n\n<p class=\"has-drop-cap\">Tambi\u00e9n ha colaborado en colectivos como: Cyberwitches, Motos Org, Soma, VoxCode, Malcriado, Vaarian, New Underground, Destroying The Room y Viva Ritmo Collective.<\/p>\n\n\n\n<p>Mixcloud: <a target=\"_blank\" href=\"https:\/\/www.mixcloud.com\/pablorodzmusic\/?fbclid=IwAR3h2A_xbI-0asMKLPB9nCiQQNZLxMd7bxsx66yX7AKCYn520_rxop6wNss\" rel=\"noreferrer noopener\">https:\/\/www.mixcloud.com\/pablorodzmusic\/<\/a><br>Facebook: <a target=\"_blank\" href=\"https:\/\/www.facebook.com\/pablorodzmusic\/\" rel=\"noreferrer noopener\">https:\/\/www.facebook.com\/pablorodzmusic\/<\/a><\/p>\n","protected":false},"excerpt":{"rendered":"<p>Jos\u00e9 Pablo Rodr\u00edguez Verde A.K.A. Pablo Rodz. Nacido en la Ciudad de M\u00e9xico y actualmente radicando en la ciudad de Santiago de Quer\u00e9taro. En el 2002 inicia su carrera como m\u00fasico y despu\u00e9s se interes\u00f3 en la m\u00fasica electr\u00f3nica como Dj. Posteriormente en el 2011 Inicia su carrera como Ingeniero en Audio Profesional. Actualmente es [&hellip;]<\/p>\n","protected":false},"author":1,"featured_media":0,"parent":0,"menu_order":0,"comment_status":"closed","ping_status":"closed","template":"templates\/template-full.php","meta":{"_uag_custom_page_level_css":"","wpm_timeformat":"","_wpm_styles":"","footnotes":""},"class_list":["post-1204","page","type-page","status-publish","hentry","post"],"uagb_featured_image_src":{"full":false,"thumbnail":false,"medium":false,"medium_large":false,"large":false,"1536x1536":false,"2048x2048":false,"post-thumbnail":false,"vantage-thumbnail-no-sidebar":false,"vantage-slide":false,"vantage-carousel":false,"vantage-grid-loop":false,"sow-carousel-default":false},"uagb_author_info":{"display_name":"minimal","author_link":"https:\/\/minimaltunas.com\/home\/author\/minimal\/"},"uagb_comment_info":0,"uagb_excerpt":"Jos\u00e9 Pablo Rodr\u00edguez Verde A.K.A. Pablo Rodz. Nacido en la Ciudad de M\u00e9xico y actualmente radicando en la ciudad de Santiago de Quer\u00e9taro. En el 2002 inicia su carrera como m\u00fasico y despu\u00e9s se interes\u00f3 en la m\u00fasica electr\u00f3nica como Dj. Posteriormente en el 2011 Inicia su carrera como Ingeniero en Audio Profesional. Actualmente es&hellip;","_links":{"self":[{"href":"https:\/\/minimaltunas.com\/home\/wp-json\/wp\/v2\/pages\/1204","targetHints":{"allow":["GET"]}}],"collection":[{"href":"https:\/\/minimaltunas.com\/home\/wp-json\/wp\/v2\/pages"}],"about":[{"href":"https:\/\/minimaltunas.com\/home\/wp-json\/wp\/v2\/types\/page"}],"author":[{"embeddable":true,"href":"https:\/\/minimaltunas.com\/home\/wp-json\/wp\/v2\/users\/1"}],"replies":[{"embeddable":true,"href":"https:\/\/minimaltunas.com\/home\/wp-json\/wp\/v2\/comments?post=1204"}],"version-history":[{"count":1,"href":"https:\/\/minimaltunas.com\/home\/wp-json\/wp\/v2\/pages\/1204\/revisions"}],"predecessor-version":[{"id":1549,"href":"https:\/\/minimaltunas.com\/home\/wp-json\/wp\/v2\/pages\/1204\/revisions\/1549"}],"wp:attachment":[{"href":"https:\/\/minimaltunas.com\/home\/wp-json\/wp\/v2\/media?parent=1204"}],"curies":[{"name":"wp","href":"https:\/\/api.w.org\/{rel}","templated":true}]}}